{"id":127,"date":"2017-03-26T08:51:21","date_gmt":"2017-03-26T06:51:21","guid":{"rendered":"http:\/\/www.italo-shows.de\/la-famiglia\/?page_id=127"},"modified":"2023-08-29T14:05:09","modified_gmt":"2023-08-29T12:05:09","slug":"die-show","status":"publish","type":"page","link":"https:\/\/www.italo-shows.de\/la-famiglia\/die-show\/","title":{"rendered":"Die Show"},"content":{"rendered":"<p>[et_pb_section fb_built=&#8220;1&#8243; admin_label=&#8220;Sektion&#8220; _builder_version=&#8220;4.16&#8243; global_colors_info=&#8220;{}&#8220;][et_pb_row column_structure=&#8220;1_2,1_2&#8243; admin_label=&#8220;Zeile&#8220; _builder_version=&#8220;4.16&#8243; background_size=&#8220;initial&#8220; background_position=&#8220;top_left&#8220; background_repeat=&#8220;repeat&#8220; global_colors_info=&#8220;{}&#8220;][et_pb_column type=&#8220;1_2&#8243; _builder_version=&#8220;4.16&#8243; custom_padding=&#8220;|||&#8220; global_colors_info=&#8220;{}&#8220; custom_padding__hover=&#8220;|||&#8220;][et_pb_text admin_label=&#8220;Text die Show&#8220; _builder_version=&#8220;4.22.0&#8243; background_size=&#8220;initial&#8220; background_position=&#8220;top_left&#8220; background_repeat=&#8220;repeat&#8220; use_border_color=&#8220;off&#8220; border_color=&#8220;#ffffff&#8220; border_style=&#8220;solid&#8220; global_colors_info=&#8220;{}&#8220;]<\/p>\n<h2>Concetto Dello Show<\/h2>\n<p>Tauchen Sie ein in die aufregende Welt einer turbulenten Hochzeitsvorbereitung und werden Sie Teil der charmanten italienischen Hochzeitsgesellschaft. W\u00e4hrend der Show verwandeln sich einige unserer G\u00e4ste unverhofft zur &#8222;besten Cousine&#8220;, zur &#8222;Lieblingstante&#8220; oder gar zum &#8222;venezianischen Schneider&#8220;. Unsere Darsteller agieren nicht nur auf der B\u00fchne, sondern mischen sich auch mitten unter die Zuschauer. Die B\u00fchne ist nicht der einzige Schauplatz \u2013 der Zuschauerraum wird zur Piazza, zur Besenkammer und zur gem\u00fctlichen Ecke einer Trattoria. Als Gast kommen, als verzaubertes Mitglied von &#8222;La Famiglia&#8220; gehen \u2013 so lautet unser Motto!<\/p>\n<h2>Concetto Culinario<\/h2>\n<p>Begleiten Sie uns auf einen wahrlich geschmackvollen Abend, denn La Famiglia verbindet rustikale K\u00fcche mit spritziger Kom\u00f6die und mitrei\u00dfenden musikalischen H\u00f6hepunkten. Tauchen Sie ein in die kulinarische Vielfalt Italiens. Unser Drei-G\u00e4nge-Men\u00fc beginnt gleich nach dem Einlass mit einem verlockenden Antipasti-Teller. W\u00e4hrend der Pause servieren wir Ihnen eine schmackhafte Portion Pasta und das unwiderstehliche Tiramisu rundet den Abend als s\u00fc\u00dfe Versuchung ab.<\/p>\n<blockquote><p>Miteinander lachen, tafeln und feiern \u2013 das ist La Famiglia!<\/p><\/blockquote>\n<p>[\/et_pb_text][\/et_pb_column][et_pb_column type=&#8220;1_2&#8243; _builder_version=&#8220;4.16&#8243; custom_padding=&#8220;|||&#8220; global_colors_info=&#8220;{}&#8220; custom_padding__hover=&#8220;|||&#8220;][et_pb_image src=&#8220;https:\/\/www.italo-shows.de\/la-famiglia\/wp-content\/uploads\/sites\/4\/2017\/03\/la_famiglia_die_show.jpg&#8220; alt=&#8220;La Famiglia \u2013 Die musikalische Dinner-Kom\u00f6die in Berlin mit Claudio Maniscalco, Pascale Camele und Santiago Ziesmer&#8220; title_text=&#8220;La Famiglia \u2013 Die musikalische Dinner-Kom\u00f6die in Berlin mit Claudio Maniscalco, Pascale Camele und Santiago Ziesmer&#8220; align_tablet=&#8220;center&#8220; align_phone=&#8220;center&#8220; align_last_edited=&#8220;on|desktop&#8220; admin_label=&#8220;Bild die Show&#8220; _builder_version=&#8220;4.16&#8243; animation_style=&#8220;fade&#8220; animation_duration=&#8220;500ms&#8220; use_border_color=&#8220;off&#8220; border_color=&#8220;#ffffff&#8220; border_style=&#8220;solid&#8220; animation=&#8220;fade_in&#8220; sticky=&#8220;off&#8220; always_center_on_mobile=&#8220;on&#8220; global_colors_info=&#8220;{}&#8220;][\/et_pb_image][\/et_pb_column][\/et_pb_row][\/et_pb_section][et_pb_section fb_built=&#8220;1&#8243; admin_label=&#8220;Sektion&#8220; _builder_version=&#8220;4.16&#8243; background_color=&#8220;#e5e5e5&#8243; transparent_background=&#8220;off&#8220; make_fullwidth=&#8220;off&#8220; use_custom_width=&#8220;off&#8220; width_unit=&#8220;on&#8220; global_colors_info=&#8220;{}&#8220;][et_pb_row column_structure=&#8220;1_3,1_3,1_3&#8243; admin_label=&#8220;Zeile&#8220; _builder_version=&#8220;4.16&#8243; background_size=&#8220;initial&#8220; background_position=&#8220;top_left&#8220; background_repeat=&#8220;repeat&#8220; global_colors_info=&#8220;{}&#8220;][et_pb_column type=&#8220;1_3&#8243; _builder_version=&#8220;4.16&#8243; custom_padding=&#8220;|||&#8220; global_colors_info=&#8220;{}&#8220; custom_padding__hover=&#8220;|||&#8220;][et_pb_testimonial admin_label=&#8220;Testimonial&#8220; _builder_version=&#8220;4.16&#8243; background_color=&#8220;#efefef&#8220; background_size=&#8220;initial&#8220; background_position=&#8220;top_left&#8220; background_repeat=&#8220;repeat&#8220; text_orientation=&#8220;center&#8220; use_border_color=&#8220;off&#8220; border_color=&#8220;#ffffff&#8220; border_style=&#8220;solid&#8220; global_colors_info=&#8220;{}&#8220;]<\/p>\n<h2>Ein Feuerwerk der Leidenschaft!<\/h2>\n<p>B.Z<br \/>\n[\/et_pb_testimonial][\/et_pb_column][et_pb_column type=&#8220;1_3&#8243; _builder_version=&#8220;4.16&#8243; custom_padding=&#8220;|||&#8220; global_colors_info=&#8220;{}&#8220; custom_padding__hover=&#8220;|||&#8220;][et_pb_testimonial admin_label=&#8220;Testimonial&#8220; _builder_version=&#8220;4.16&#8243; background_color=&#8220;#efefef&#8220; background_size=&#8220;initial&#8220; background_position=&#8220;top_left&#8220; background_repeat=&#8220;repeat&#8220; text_orientation=&#8220;center&#8220; use_border_color=&#8220;off&#8220; border_color=&#8220;#ffffff&#8220; border_style=&#8220;solid&#8220; global_colors_info=&#8220;{}&#8220;]<\/p>\n<h2>Zum Fressen dieser Abend<\/h2>\n<p>Berliner Morgenpost<br \/>\n[\/et_pb_testimonial][\/et_pb_column][et_pb_column type=&#8220;1_3&#8243; _builder_version=&#8220;4.16&#8243; custom_padding=&#8220;|||&#8220; global_colors_info=&#8220;{}&#8220; custom_padding__hover=&#8220;|||&#8220;][et_pb_testimonial admin_label=&#8220;Testimonial&#8220; _builder_version=&#8220;4.16&#8243; background_color=&#8220;#efefef&#8220; background_size=&#8220;initial&#8220; background_position=&#8220;top_left&#8220; background_repeat=&#8220;repeat&#8220; text_orientation=&#8220;center&#8220; use_border_color=&#8220;off&#8220; border_color=&#8220;#ffffff&#8220; border_style=&#8220;solid&#8220; global_colors_info=&#8220;{}&#8220;]<\/p>\n<h2>Ein mediterranes Spektakel!<\/h2>\n<p>FAZ<br \/>\n[\/et_pb_testimonial][\/et_pb_column][\/et_pb_row][\/et_pb_section][et_pb_section fb_built=&#8220;1&#8243; admin_label=&#8220;Sektion&#8220; _builder_version=&#8220;4.16&#8243; global_colors_info=&#8220;{}&#8220;][et_pb_row column_structure=&#8220;1_2,1_2&#8243; admin_label=&#8220;Zeile&#8220; _builder_version=&#8220;4.16&#8243; background_size=&#8220;initial&#8220; background_position=&#8220;top_left&#8220; background_repeat=&#8220;repeat&#8220; global_colors_info=&#8220;{}&#8220;][et_pb_column type=&#8220;1_2&#8243; _builder_version=&#8220;4.16&#8243; custom_padding=&#8220;|||&#8220; global_colors_info=&#8220;{}&#8220; custom_padding__hover=&#8220;|||&#8220;][et_pb_image src=&#8220;https:\/\/www.italo-shows.de\/la-famiglia\/wp-content\/uploads\/sites\/4\/2017\/03\/la_famiglia_die_story.jpg&#8220; alt=&#8220;La Famiglia \u2013 Die musikalische Dinner-Kom\u00f6die in Berlin mit Claudio Maniscalco, Pascale Camele und Santiago Ziesmer&#8220; title_text=&#8220;La Famiglia \u2013 Die musikalische Dinner-Kom\u00f6die in Berlin mit Claudio Maniscalco, Pascale Camele und Santiago Ziesmer&#8220; align_tablet=&#8220;center&#8220; align_phone=&#8220;center&#8220; align_last_edited=&#8220;on|desktop&#8220; admin_label=&#8220;Bild&#8220; _builder_version=&#8220;4.16&#8243; animation_style=&#8220;fade&#8220; animation_duration=&#8220;500ms&#8220; use_border_color=&#8220;off&#8220; border_color=&#8220;#ffffff&#8220; border_style=&#8220;solid&#8220; animation=&#8220;fade_in&#8220; sticky=&#8220;off&#8220; always_center_on_mobile=&#8220;on&#8220; global_colors_info=&#8220;{}&#8220;][\/et_pb_image][\/et_pb_column][et_pb_column type=&#8220;1_2&#8243; _builder_version=&#8220;4.16&#8243; custom_padding=&#8220;|||&#8220; global_colors_info=&#8220;{}&#8220; custom_padding__hover=&#8220;|||&#8220;][et_pb_text admin_label=&#8220;Text La Storia&#8220; _builder_version=&#8220;4.22.0&#8243; background_size=&#8220;initial&#8220; background_position=&#8220;top_left&#8220; background_repeat=&#8220;repeat&#8220; use_border_color=&#8220;off&#8220; border_color=&#8220;#ffffff&#8220; border_style=&#8220;solid&#8220; global_colors_info=&#8220;{}&#8220;]<\/p>\n<h2>La Storia<\/h2>\n<p>Tauchen Sie ein in eine mitrei\u00dfende italienische Liebesgeschichte, gepr\u00e4gt von Intrigen, Leidenschaft und kom\u00f6diantischem Chaos! Der sympathische Berliner R\u00fcdiger Stutzke reist nach Italien, um seine Verwandten zu besuchen. Doch kaum angekommen, wird er unverhofft in die turbulenten Liebesaff\u00e4ren von Lucchino und Carla verstrickt.<\/p>\n<p>Lucchino, der charismatische italienische Papagallo, tr\u00e4umt von seiner Traumhochzeit mit der bezaubernden Carla. Doch als sie von seiner Aff\u00e4re erf\u00e4hrt, entfesselt sich das pure Chaos. Pl\u00f6tzlich steht R\u00fcdiger mitten im amour\u00f6sen Wirrwarr und muss sich durch die Verwicklungen und Intrigen man\u00f6vrieren.<\/p>\n<blockquote><p>Erleben Sie hautnah, wie die Geschichte sich entfaltet und die Akteure auf und neben der B\u00fchne f\u00fcr ein unvergessliches Erlebnis sorgen. La Famiglia entf\u00fchrt Sie mit spritziger Kom\u00f6die, musikalischen H\u00f6hepunkten und k\u00f6stlicher italienischer K\u00fcche in eine faszinierende Welt.<\/p><\/blockquote>\n<p>Lachen, staunen und mitfiebern &#8211; bei La Famiglia ist alles m\u00f6glich! Und wer wei\u00df, vielleicht verlassen Sie das Theater am Ende mit einem Ohrwurm von &#8222;O Sole Mio&#8220; und einem verzauberten L\u00e4cheln auf den Lippen.[\/et_pb_text][\/et_pb_column][\/et_pb_row][\/et_pb_section]<\/p>","protected":false},"excerpt":{"rendered":"<p>Concetto Dello Show Tauchen Sie ein in die aufregende Welt einer turbulenten Hochzeitsvorbereitung und werden Sie Teil der charmanten italienischen Hochzeitsgesellschaft. W\u00e4hrend der Show verwandeln sich einige unserer G\u00e4ste unverhofft zur &#8222;besten Cousine&#8220;, zur &#8222;Lieblingstante&#8220; oder gar zum &#8222;venezianischen Schneider&#8220;. Unsere Darsteller agieren nicht nur auf der B\u00fchne, sondern mischen sich auch mitten unter die [&hellip;]<\/p>\n","protected":false},"author":1,"featured_media":0,"parent":0,"menu_order":0,"comment_status":"closed","ping_status":"closed","template":"","meta":{"_et_pb_use_builder":"on","_et_pb_old_content":"","_et_gb_content_width":"","footnotes":""},"class_list":["post-127","page","type-page","status-publish","hentry"],"_links":{"self":[{"href":"https:\/\/www.italo-shows.de\/la-famiglia\/wp-json\/wp\/v2\/pages\/127","targetHints":{"allow":["GET"]}}],"collection":[{"href":"https:\/\/www.italo-shows.de\/la-famiglia\/wp-json\/wp\/v2\/pages"}],"about":[{"href":"https:\/\/www.italo-shows.de\/la-famiglia\/wp-json\/wp\/v2\/types\/page"}],"author":[{"embeddable":true,"href":"https:\/\/www.italo-shows.de\/la-famiglia\/wp-json\/wp\/v2\/users\/1"}],"replies":[{"embeddable":true,"href":"https:\/\/www.italo-shows.de\/la-famiglia\/wp-json\/wp\/v2\/comments?post=127"}],"version-history":[{"count":13,"href":"https:\/\/www.italo-shows.de\/la-famiglia\/wp-json\/wp\/v2\/pages\/127\/revisions"}],"predecessor-version":[{"id":1056,"href":"https:\/\/www.italo-shows.de\/la-famiglia\/wp-json\/wp\/v2\/pages\/127\/revisions\/1056"}],"wp:attachment":[{"href":"https:\/\/www.italo-shows.de\/la-famiglia\/wp-json\/wp\/v2\/media?parent=127"}],"curies":[{"name":"wp","href":"https:\/\/api.w.org\/{rel}","templated":true}]}}