{"id":57,"date":"2017-03-23T10:39:50","date_gmt":"2017-03-23T09:39:50","guid":{"rendered":"http:\/\/www.italo-shows.de\/la-famiglia\/?page_id=57"},"modified":"2023-08-29T14:37:11","modified_gmt":"2023-08-29T12:37:11","slug":"impressum","status":"publish","type":"page","link":"https:\/\/www.italo-shows.de\/la-famiglia\/impressum\/","title":{"rendered":"Impressum"},"content":{"rendered":"<p>[et_pb_section bb_built=&#8220;1&#8243; admin_label=&#8220;section&#8220;][et_pb_row admin_label=&#8220;row&#8220;][et_pb_column type=&#8220;4_4&#8243;][et_pb_text admin_label=&#8220;Text&#8220; background_layout=&#8220;light&#8220; text_orientation=&#8220;left&#8220; use_border_color=&#8220;off&#8220; border_color=&#8220;#ffffff&#8220; border_style=&#8220;solid&#8220;]<\/p>\n<h2>Impressum<\/h2>\n<h4>Betreiber und Kontakt:<\/h4>\n<p>claudio maniscalco <strong>e<\/strong>ntertainment<br \/>\nScharnhorststra\u00dfe 5<br \/>\n10115 Berlin<\/p>\n<p><strong>Telefonnummer:<\/strong> 030 98 32 62 34<br \/>\n<strong>Email:<\/strong> <a title=\"Email an Claudio Maniscalco Entertainment\" href=\"mailto:info@claudio-maniscalco-entertainment.de?subject=Email%20an%20Claudio%20Maniscalco%20Entertainment\">info@claudio-maniscalco-entertainment.de<\/a><br \/>\n<strong>Webseite:<\/strong> <a href=\"http:\/\/www.claudio-maniscalco-entertainment.de\/\" target=\"_blank\" rel=\"noopener noreferrer\">www.claudio-maniscalco-entertainment.de<\/a><\/p>\n<p>Verantwortlicher f\u00fcr redaktionelle Inhalte:<br \/>\nClaudio Maniscalco<\/p>\n<h2>Ausschluss der Haftung:<\/h2>\n<h4>Inhalt des Onlineangebotes<\/h4>\n<p>Der Autor \u00fcbernimmt keinerlei Gew\u00e4hr f\u00fcr die Aktualit\u00e4t, Korrektheit, Vollst\u00e4ndigkeit oder Qualit\u00e4t der bereitgestellten Informationen. Haftungsanspr\u00fcche gegen den Autor, welche sich auf Sch\u00e4den materieller oder ideeller Art beziehen, die durch die Nutzung oder Nichtnutzung der dargebotenen Informationen bzw. durch die Nutzung fehlerhafter und unvollst\u00e4ndiger Informationen verursacht wurden, sind grunds\u00e4tzlich ausgeschlossen, sofern seitens des Autors kein nachweislich vors\u00e4tzliches oder grob fahrl\u00e4ssiges Verschulden vorliegt. Alle Angebote sind freibleibend und unverbindlich.<\/p>\n<h4>Haftungshinweis<\/h4>\n<p>Das Verwenden s\u00e4mtlicher Grafiken und Inhalte auf anderen kommerziellen Servern, s\u00e4mtliche Weiterverarbeitungen und Speicherungen sowohl zu kommerziellen als auch privaten Zwecken in jedweder Form werden nur mit unserer schriftlichen Genehmigung oder des jeweiligen Fotografen zugesagt.<br \/>\nZuwiderhandlungen ziehen in jedem Falle rechtliche Konsequenzen nach sich! Insbesondere das Verwenden von hier ver\u00f6ffentlichten Fotos \/ Images \/ Bildmaterial ist NUR f\u00fcr private Zwecke gestattet.<\/p>\n<h4>Verweise und Links<\/h4>\n<p>Trotz sorgf\u00e4ltiger inhaltlicher Kontrolle \u00fcbernehmen wir keine Haftung f\u00fcr die Inhalte externer Links. F\u00fcr den Inhalt der verlinkten Seiten sind ausschlie\u00dflich deren Betreiber verantwortlich.<\/p>\n<h4>Rechtliches<\/h4>\n<p>Ihre Daten sind bei uns absolut sicher \u2013 Informationen zum Datenschutz: Der Schutz Ihrer pers\u00f6nlichen Daten ist uns au\u00dferordentlich wichtig. Deshalb halten wir uns bei der Erhebung, Verarbeitung und Nutzung von personenbezogenen Daten streng an die gesetzlichen Bestimmungen des Bundesdatenschutzgesetzes und des Teledienstedatenschutzgesetzes. Wir geben Ihre Daten auch nicht an Dritte.<\/p>\n<p>[\/et_pb_text][\/et_pb_column][\/et_pb_row][\/et_pb_section]<\/p>","protected":false},"excerpt":{"rendered":"<p>Impressum Betreiber und Kontakt: claudio maniscalco entertainment Scharnhorststra\u00dfe 5 10115 Berlin Telefonnummer: 030 98 32 62 34 Email: info@claudio-maniscalco-entertainment.de Webseite: www.claudio-maniscalco-entertainment.de Verantwortlicher f\u00fcr redaktionelle Inhalte: Claudio Maniscalco Ausschluss der Haftung: Inhalt des Onlineangebotes Der Autor \u00fcbernimmt keinerlei Gew\u00e4hr f\u00fcr die Aktualit\u00e4t, Korrektheit, Vollst\u00e4ndigkeit oder Qualit\u00e4t der bereitgestellten Informationen. Haftungsanspr\u00fcche gegen den Autor, welche sich auf [&hellip;]<\/p>\n","protected":false},"author":1,"featured_media":0,"parent":0,"menu_order":0,"comment_status":"closed","ping_status":"closed","template":"","meta":{"_et_pb_use_builder":"on","_et_pb_old_content":"","_et_gb_content_width":"","footnotes":""},"class_list":["post-57","page","type-page","status-publish","hentry"],"_links":{"self":[{"href":"https:\/\/www.italo-shows.de\/la-famiglia\/wp-json\/wp\/v2\/pages\/57","targetHints":{"allow":["GET"]}}],"collection":[{"href":"https:\/\/www.italo-shows.de\/la-famiglia\/wp-json\/wp\/v2\/pages"}],"about":[{"href":"https:\/\/www.italo-shows.de\/la-famiglia\/wp-json\/wp\/v2\/types\/page"}],"author":[{"embeddable":true,"href":"https:\/\/www.italo-shows.de\/la-famiglia\/wp-json\/wp\/v2\/users\/1"}],"replies":[{"embeddable":true,"href":"https:\/\/www.italo-shows.de\/la-famiglia\/wp-json\/wp\/v2\/comments?post=57"}],"version-history":[{"count":5,"href":"https:\/\/www.italo-shows.de\/la-famiglia\/wp-json\/wp\/v2\/pages\/57\/revisions"}],"predecessor-version":[{"id":292,"href":"https:\/\/www.italo-shows.de\/la-famiglia\/wp-json\/wp\/v2\/pages\/57\/revisions\/292"}],"wp:attachment":[{"href":"https:\/\/www.italo-shows.de\/la-famiglia\/wp-json\/wp\/v2\/media?parent=57"}],"curies":[{"name":"wp","href":"https:\/\/api.w.org\/{rel}","templated":true}]}}